{"id":2580,"date":"2024-11-04T14:20:54","date_gmt":"2024-11-04T13:20:54","guid":{"rendered":"https:\/\/www.tresordepices.fr\/produit\/lot-de-3-epices-vanille-poivre-sauvage-baies-roses\/"},"modified":"2025-08-11T01:56:53","modified_gmt":"2025-08-10T23:56:53","slug":"lot-de-3-epices","status":"publish","type":"product","link":"https:\/\/www.tresordepices.fr\/en\/product\/lot-de-3-epices\/","title":{"rendered":"Set of 3 spices"},"content":{"rendered":"","protected":false},"excerpt":{"rendered":"<p><strong>Must-haves in your cuisine<\/strong><br \/>\nComposition : 3 spices including<br \/>\n- 5 Bourbon vanilla pods, from 16 cm, and<br \/>\n- Wild pepper Voatsiperifery, 45 g and\/or<br \/>\n- Pink peppercorns, 20 g and\/or<br \/>\n- 1 Cinnamon stick, 18 cm<br \/>\nCustomize your bundle below.<br \/>\nProduits <strong>100 % natural.<\/strong>. No preservatives<\/p>\n<p>Store in a cool, dark place away from strong odors.<br \/>\nPackaging: glass tube<br \/>\nAvailable individually or with a wooden display stand<\/p>\n<p>Origin: <strong>Madagascar<\/strong><\/p>","protected":false},"featured_media":3121,"template":"","meta":{"_acf_changed":false},"product_brand":[],"product_cat":[36,40,41,37,35],"product_tag":[],"class_list":{"0":"post-2580","1":"product","2":"type-product","3":"status-publish","4":"has-post-thumbnail","6":"product_cat-baies-roses","7":"product_cat-canelle","8":"product_cat-lot-depices","9":"product_cat-poivre","10":"product_cat-vanille","12":"first","13":"instock","14":"shipping-taxable","15":"purchasable","16":"product-type-variable","17":"has-default-attributes"},"acf":[],"yoast_head":"<!-- This site is optimized with the Yoast SEO plugin v26.2 - https:\/\/yoast.com\/wordpress\/plugins\/seo\/ -->\n<title>Lot de 3 \u00e9pices | Tr\u00e9sor d&#039;\u00c9pices<\/title>\n<meta name=\"description\" content=\"Epices de Madagascar, \u00e9pices indispensables de votre cuisine avec la vanille bourbon en gousse, poivre sauvage, baies roses ou cannelle.\" \/>\n<meta name=\"robots\" content=\"index, follow, max-snippet:-1, max-image-preview:large, max-video-preview:-1\" \/>\n<link rel=\"canonical\" href=\"https:\/\/www.tresordepices.fr\/en\/product\/lot-de-3-epices\/\" \/>\n<meta property=\"og:locale\" content=\"en_US\" \/>\n<meta property=\"og:type\" content=\"article\" \/>\n<meta property=\"og:title\" content=\"Lot de 3 \u00e9pices | Tr\u00e9sor d&#039;\u00c9pices\" \/>\n<meta property=\"og:description\" content=\"Epices de Madagascar, \u00e9pices indispensables de votre cuisine avec la vanille bourbon en gousse, poivre sauvage, baies roses ou cannelle.\" \/>\n<meta property=\"og:url\" content=\"https:\/\/www.tresordepices.fr\/en\/product\/lot-de-3-epices\/\" \/>\n<meta property=\"og:site_name\" content=\"Tr\u00e9sor d&#039;\u00c9pices\" \/>\n<meta property=\"article:modified_time\" content=\"2025-08-10T23:56:53+00:00\" \/>\n<meta property=\"og:image\" content=\"https:\/\/www.tresordepices.fr\/wp-content\/uploads\/2024\/11\/TdE_lot_3epices_bord_fefffa_1200X1200.jpg\" \/>\n\t<meta property=\"og:image:width\" content=\"1200\" \/>\n\t<meta property=\"og:image:height\" content=\"1200\" \/>\n\t<meta property=\"og:image:type\" content=\"image\/jpeg\" \/>\n<meta name=\"twitter:card\" content=\"summary_large_image\" \/>\n<meta name=\"twitter:label1\" content=\"Est. reading time\" \/>\n\t<meta name=\"twitter:data1\" content=\"1 minute\" \/>\n<script type=\"application\/ld+json\" class=\"yoast-schema-graph\">{\"@context\":\"https:\/\/schema.org\",\"@graph\":[{\"@type\":\"WebPage\",\"@id\":\"https:\/\/www.tresordepices.fr\/produit\/lot-de-3-epices\/\",\"url\":\"https:\/\/www.tresordepices.fr\/produit\/lot-de-3-epices\/\",\"name\":\"Lot de 3 \u00e9pices | Tr\u00e9sor d&#039;\u00c9pices\",\"isPartOf\":{\"@id\":\"https:\/\/www.tresordepices.fr\/#website\"},\"primaryImageOfPage\":{\"@id\":\"https:\/\/www.tresordepices.fr\/produit\/lot-de-3-epices\/#primaryimage\"},\"image\":{\"@id\":\"https:\/\/www.tresordepices.fr\/produit\/lot-de-3-epices\/#primaryimage\"},\"thumbnailUrl\":\"https:\/\/www.tresordepices.fr\/wp-content\/uploads\/2024\/11\/TdE_lot_3epices_bord_fefffa_1200X1200.jpg\",\"datePublished\":\"2024-11-04T13:20:54+00:00\",\"dateModified\":\"2025-08-10T23:56:53+00:00\",\"description\":\"Epices de Madagascar, \u00e9pices indispensables de votre cuisine avec la vanille bourbon en gousse, poivre sauvage, baies roses ou cannelle.\",\"breadcrumb\":{\"@id\":\"https:\/\/www.tresordepices.fr\/produit\/lot-de-3-epices\/#breadcrumb\"},\"inLanguage\":\"en-US\",\"potentialAction\":[{\"@type\":\"ReadAction\",\"target\":[\"https:\/\/www.tresordepices.fr\/produit\/lot-de-3-epices\/\"]}]},{\"@type\":\"ImageObject\",\"inLanguage\":\"en-US\",\"@id\":\"https:\/\/www.tresordepices.fr\/produit\/lot-de-3-epices\/#primaryimage\",\"url\":\"https:\/\/www.tresordepices.fr\/wp-content\/uploads\/2024\/11\/TdE_lot_3epices_bord_fefffa_1200X1200.jpg\",\"contentUrl\":\"https:\/\/www.tresordepices.fr\/wp-content\/uploads\/2024\/11\/TdE_lot_3epices_bord_fefffa_1200X1200.jpg\",\"width\":1200,\"height\":1200,\"caption\":\"epices de Madagascar, vanille, poivre sauvage, baies roses\"},{\"@type\":\"BreadcrumbList\",\"@id\":\"https:\/\/www.tresordepices.fr\/produit\/lot-de-3-epices\/#breadcrumb\",\"itemListElement\":[{\"@type\":\"ListItem\",\"position\":1,\"name\":\"Accueil\",\"item\":\"https:\/\/www.tresordepices.fr\/\"},{\"@type\":\"ListItem\",\"position\":2,\"name\":\"Lot de 3 \u00e9pices\"}]},{\"@type\":\"WebSite\",\"@id\":\"https:\/\/www.tresordepices.fr\/#website\",\"url\":\"https:\/\/www.tresordepices.fr\/\",\"name\":\"Tr\u00e9sor d&#039;\u00c9pices\",\"description\":\"Vanille bourbon et \u00e9pices de Madagascar\",\"publisher\":{\"@id\":\"https:\/\/www.tresordepices.fr\/#organization\"},\"potentialAction\":[{\"@type\":\"SearchAction\",\"target\":{\"@type\":\"EntryPoint\",\"urlTemplate\":\"https:\/\/www.tresordepices.fr\/?s={search_term_string}\"},\"query-input\":{\"@type\":\"PropertyValueSpecification\",\"valueRequired\":true,\"valueName\":\"search_term_string\"}}],\"inLanguage\":\"en-US\"},{\"@type\":\"Organization\",\"@id\":\"https:\/\/www.tresordepices.fr\/#organization\",\"name\":\"Tr\u00e9sor d&#039;\u00c9pices\",\"url\":\"https:\/\/www.tresordepices.fr\/\",\"logo\":{\"@type\":\"ImageObject\",\"inLanguage\":\"en-US\",\"@id\":\"https:\/\/www.tresordepices.fr\/#\/schema\/logo\/image\/\",\"url\":\"https:\/\/www.tresordepices.fr\/wp-content\/uploads\/2022\/01\/TdE_logo.png\",\"contentUrl\":\"https:\/\/www.tresordepices.fr\/wp-content\/uploads\/2022\/01\/TdE_logo.png\",\"width\":582,\"height\":269,\"caption\":\"Tr\u00e9sor d&#039;\u00c9pices\"},\"image\":{\"@id\":\"https:\/\/www.tresordepices.fr\/#\/schema\/logo\/image\/\"}}]}<\/script>\n<!-- \/ Yoast SEO plugin. -->","yoast_head_json":{"title":"Lot de 3 \u00e9pices | Tr\u00e9sor d&#039;\u00c9pices","description":"Epices de Madagascar, \u00e9pices indispensables de votre cuisine avec la vanille bourbon en gousse, poivre sauvage, baies roses ou cannelle.","robots":{"index":"index","follow":"follow","max-snippet":"max-snippet:-1","max-image-preview":"max-image-preview:large","max-video-preview":"max-video-preview:-1"},"canonical":"https:\/\/www.tresordepices.fr\/en\/product\/lot-de-3-epices\/","og_locale":"en_US","og_type":"article","og_title":"Lot de 3 \u00e9pices | Tr\u00e9sor d&#039;\u00c9pices","og_description":"Epices de Madagascar, \u00e9pices indispensables de votre cuisine avec la vanille bourbon en gousse, poivre sauvage, baies roses ou cannelle.","og_url":"https:\/\/www.tresordepices.fr\/en\/product\/lot-de-3-epices\/","og_site_name":"Tr\u00e9sor d&#039;\u00c9pices","article_modified_time":"2025-08-10T23:56:53+00:00","og_image":[{"width":1200,"height":1200,"url":"https:\/\/www.tresordepices.fr\/wp-content\/uploads\/2024\/11\/TdE_lot_3epices_bord_fefffa_1200X1200.jpg","type":"image\/jpeg"}],"twitter_card":"summary_large_image","twitter_misc":{"Est. reading time":"1 minute"},"schema":{"@context":"https:\/\/schema.org","@graph":[{"@type":"WebPage","@id":"https:\/\/www.tresordepices.fr\/produit\/lot-de-3-epices\/","url":"https:\/\/www.tresordepices.fr\/produit\/lot-de-3-epices\/","name":"Lot de 3 \u00e9pices | Tr\u00e9sor d&#039;\u00c9pices","isPartOf":{"@id":"https:\/\/www.tresordepices.fr\/#website"},"primaryImageOfPage":{"@id":"https:\/\/www.tresordepices.fr\/produit\/lot-de-3-epices\/#primaryimage"},"image":{"@id":"https:\/\/www.tresordepices.fr\/produit\/lot-de-3-epices\/#primaryimage"},"thumbnailUrl":"https:\/\/www.tresordepices.fr\/wp-content\/uploads\/2024\/11\/TdE_lot_3epices_bord_fefffa_1200X1200.jpg","datePublished":"2024-11-04T13:20:54+00:00","dateModified":"2025-08-10T23:56:53+00:00","description":"Epices de Madagascar, \u00e9pices indispensables de votre cuisine avec la vanille bourbon en gousse, poivre sauvage, baies roses ou cannelle.","breadcrumb":{"@id":"https:\/\/www.tresordepices.fr\/produit\/lot-de-3-epices\/#breadcrumb"},"inLanguage":"en-US","potentialAction":[{"@type":"ReadAction","target":["https:\/\/www.tresordepices.fr\/produit\/lot-de-3-epices\/"]}]},{"@type":"ImageObject","inLanguage":"en-US","@id":"https:\/\/www.tresordepices.fr\/produit\/lot-de-3-epices\/#primaryimage","url":"https:\/\/www.tresordepices.fr\/wp-content\/uploads\/2024\/11\/TdE_lot_3epices_bord_fefffa_1200X1200.jpg","contentUrl":"https:\/\/www.tresordepices.fr\/wp-content\/uploads\/2024\/11\/TdE_lot_3epices_bord_fefffa_1200X1200.jpg","width":1200,"height":1200,"caption":"epices de Madagascar, vanille, poivre sauvage, baies roses"},{"@type":"BreadcrumbList","@id":"https:\/\/www.tresordepices.fr\/produit\/lot-de-3-epices\/#breadcrumb","itemListElement":[{"@type":"ListItem","position":1,"name":"Accueil","item":"https:\/\/www.tresordepices.fr\/"},{"@type":"ListItem","position":2,"name":"Lot de 3 \u00e9pices"}]},{"@type":"WebSite","@id":"https:\/\/www.tresordepices.fr\/#website","url":"https:\/\/www.tresordepices.fr\/","name":"Tr\u00e9sor d&#039;\u00c9pices","description":"Vanille bourbon et \u00e9pices de Madagascar","publisher":{"@id":"https:\/\/www.tresordepices.fr\/#organization"},"potentialAction":[{"@type":"SearchAction","target":{"@type":"EntryPoint","urlTemplate":"https:\/\/www.tresordepices.fr\/?s={search_term_string}"},"query-input":{"@type":"PropertyValueSpecification","valueRequired":true,"valueName":"search_term_string"}}],"inLanguage":"en-US"},{"@type":"Organization","@id":"https:\/\/www.tresordepices.fr\/#organization","name":"Tr\u00e9sor d&#039;\u00c9pices","url":"https:\/\/www.tresordepices.fr\/","logo":{"@type":"ImageObject","inLanguage":"en-US","@id":"https:\/\/www.tresordepices.fr\/#\/schema\/logo\/image\/","url":"https:\/\/www.tresordepices.fr\/wp-content\/uploads\/2022\/01\/TdE_logo.png","contentUrl":"https:\/\/www.tresordepices.fr\/wp-content\/uploads\/2022\/01\/TdE_logo.png","width":582,"height":269,"caption":"Tr\u00e9sor d&#039;\u00c9pices"},"image":{"@id":"https:\/\/www.tresordepices.fr\/#\/schema\/logo\/image\/"}}]}},"_links":{"self":[{"href":"https:\/\/www.tresordepices.fr\/en\/wp-json\/wp\/v2\/product\/2580","targetHints":{"allow":["GET"]}}],"collection":[{"href":"https:\/\/www.tresordepices.fr\/en\/wp-json\/wp\/v2\/product"}],"about":[{"href":"https:\/\/www.tresordepices.fr\/en\/wp-json\/wp\/v2\/types\/product"}],"wp:featuredmedia":[{"embeddable":true,"href":"https:\/\/www.tresordepices.fr\/en\/wp-json\/wp\/v2\/media\/3121"}],"wp:attachment":[{"href":"https:\/\/www.tresordepices.fr\/en\/wp-json\/wp\/v2\/media?parent=2580"}],"wp:term":[{"taxonomy":"product_brand","embeddable":true,"href":"https:\/\/www.tresordepices.fr\/en\/wp-json\/wp\/v2\/product_brand?post=2580"},{"taxonomy":"product_cat","embeddable":true,"href":"https:\/\/www.tresordepices.fr\/en\/wp-json\/wp\/v2\/product_cat?post=2580"},{"taxonomy":"product_tag","embeddable":true,"href":"https:\/\/www.tresordepices.fr\/en\/wp-json\/wp\/v2\/product_tag?post=2580"}],"curies":[{"name":"wp","href":"https:\/\/api.w.org\/{rel}","templated":true}]}}